{"id":2694,"date":"2020-04-01T09:13:11","date_gmt":"2020-04-01T09:13:11","guid":{"rendered":"https:\/\/alloggio.qodeinteractive.com\/?page_id=2694"},"modified":"2024-06-10T18:11:22","modified_gmt":"2024-06-10T16:11:22","slug":"faq","status":"publish","type":"page","link":"https:\/\/apartamentycetniewo.pl\/?page_id=2694","title":{"rendered":"FAQ"},"content":{"rendered":"\t\t<div data-elementor-type=\"wp-page\" data-elementor-id=\"2694\" class=\"elementor elementor-2694\">\n\t\t\t\t\t\t<section class=\"elementor-section elementor-top-section elementor-element elementor-element-ba24173 elementor-section-full_width qodef-elementor-content-grid elementor-section-height-default elementor-section-height-default\" data-id=\"ba24173\" data-element_type=\"section\" data-e-type=\"section\">\n\t\t\t\t\t\t<div class=\"elementor-container elementor-column-gap-no\">\n\t\t\t\t\t<div class=\"elementor-column elementor-col-100 elementor-top-column elementor-element elementor-element-ad81f16\" data-id=\"ad81f16\" data-element_type=\"column\" data-e-type=\"column\">\n\t\t\t<div class=\"elementor-widget-wrap elementor-element-populated\">\n\t\t\t\t\t\t<div class=\"elementor-element elementor-element-3dc2385 elementor-widget elementor-widget-alloggio_core_accordion\" data-id=\"3dc2385\" data-element_type=\"widget\" data-e-type=\"widget\" data-widget_type=\"alloggio_core_accordion.default\">\n\t\t\t\t<div class=\"elementor-widget-container\">\n\t\t\t\t\t<div class=\"qodef-shortcode qodef-m qodef-accordion clear qodef-behavior--accordion qodef-layout--simple\">\n\t<h4 class=\"qodef-accordion-title\">\n\t<span class=\"qodef-tab-title\">\n\t\tJakie s\u0105 godziny zameldowania i wymeldowania?\t<\/span>\n\t<span class=\"qodef-accordion-mark\">\n\t\t<span class=\"qodef-icon--arrow-down\"><span class=\"qodef-icon-linea-icons icon-arrows-down\" ><\/span><\/span>\n\t\t<span class=\"qodef-icon--arrow-up\"><span class=\"qodef-icon-linea-icons icon-arrows-up\" ><\/span><\/span>\n\t<\/span>\n<\/h4>\n<div class=\"qodef-accordion-content\">\n\t<div class=\"qodef-accordion-content-inner\">\n\t\t<p><span class=\"qodef-ei-content\">Zameldowanie w godz. 16:00 - 22:00 | Wymeldowanie 7:00 - 10:00 <\/span><\/p>\t<\/div>\n<\/div><h4 class=\"qodef-accordion-title\">\n\t<span class=\"qodef-tab-title\">\n\t\t Czy dost\u0119pny jest internet?\t<\/span>\n\t<span class=\"qodef-accordion-mark\">\n\t\t<span class=\"qodef-icon--arrow-down\"><span class=\"qodef-icon-linea-icons icon-arrows-down\" ><\/span><\/span>\n\t\t<span class=\"qodef-icon--arrow-up\"><span class=\"qodef-icon-linea-icons icon-arrows-up\" ><\/span><\/span>\n\t<\/span>\n<\/h4>\n<div class=\"qodef-accordion-content\">\n\t<div class=\"qodef-accordion-content-inner\">\n\t\t<p>Do obiektu jest doprowadzony \u015bwiat\u0142ow\u00f3d wysokiej jako\u015bci. Po\u0142\u0105czenia z internetem w pokojach nast\u0119puje przez Wi-Fi i jest bezp\u0142atne. <\/p>\t<\/div>\n<\/div><h4 class=\"qodef-accordion-title\">\n\t<span class=\"qodef-tab-title\">\n\t\tCzy akceptowane s\u0105 zwierz\u0119ta?\t<\/span>\n\t<span class=\"qodef-accordion-mark\">\n\t\t<span class=\"qodef-icon--arrow-down\"><span class=\"qodef-icon-linea-icons icon-arrows-down\" ><\/span><\/span>\n\t\t<span class=\"qodef-icon--arrow-up\"><span class=\"qodef-icon-linea-icons icon-arrows-up\" ><\/span><\/span>\n\t<\/span>\n<\/h4>\n<div class=\"qodef-accordion-content\">\n\t<div class=\"qodef-accordion-content-inner\">\n\t\t<p>Niestety, nie akceptujemy \u017cadnych zwierz\u0105t w naszym obiekcie.<\/p>\t<\/div>\n<\/div><h4 class=\"qodef-accordion-title\">\n\t<span class=\"qodef-tab-title\">\n\t\tCzy mo\u017cliwe jest dostawienie \u0142\u00f3\u017ceczek dzieci\u0119cych?\t<\/span>\n\t<span class=\"qodef-accordion-mark\">\n\t\t<span class=\"qodef-icon--arrow-down\"><span class=\"qodef-icon-linea-icons icon-arrows-down\" ><\/span><\/span>\n\t\t<span class=\"qodef-icon--arrow-up\"><span class=\"qodef-icon-linea-icons icon-arrows-up\" ><\/span><\/span>\n\t<\/span>\n<\/h4>\n<div class=\"qodef-accordion-content\">\n\t<div class=\"qodef-accordion-content-inner\">\n\t\t<p>Tak, na \u017cyczenie dost\u0119pne s\u0105 \u0142\u00f3\u017ceczka dzieci\u0119ce. Opcja dost\u0119pna w wybranych pokojach. Ch\u0119\u0107 wstawienia \u0142\u00f3\u017ceczka dzieci\u0119cego nale\u017cy zg\u0142osi\u0107 na minimum 7 dni przed rozpocz\u0119ciem pobytu. <\/p>\t<\/div>\n<\/div><h4 class=\"qodef-accordion-title\">\n\t<span class=\"qodef-tab-title\">\n\t\tCzy jest mo\u017cliwo\u015b\u0107 zaparkowania samochodu?\t<\/span>\n\t<span class=\"qodef-accordion-mark\">\n\t\t<span class=\"qodef-icon--arrow-down\"><span class=\"qodef-icon-linea-icons icon-arrows-down\" ><\/span><\/span>\n\t\t<span class=\"qodef-icon--arrow-up\"><span class=\"qodef-icon-linea-icons icon-arrows-up\" ><\/span><\/span>\n\t<\/span>\n<\/h4>\n<div class=\"qodef-accordion-content\">\n\t<div class=\"qodef-accordion-content-inner\">\n\t\t<p>Tak, obiekt oferuje bezp\u0142atny parking dla go\u015bci dla pobyt\u00f3w min. 7-dniowych. Obowi\u0105zuje wcze\u015bniejsza rezerwacja - ilo\u015b\u0107 miejsc ograniczona. <\/p>\t<\/div>\n<\/div><h4 class=\"qodef-accordion-title\">\n\t<span class=\"qodef-tab-title\">\n\t\tJak daleko jest do pla\u017cy?\t<\/span>\n\t<span class=\"qodef-accordion-mark\">\n\t\t<span class=\"qodef-icon--arrow-down\"><span class=\"qodef-icon-linea-icons icon-arrows-down\" ><\/span><\/span>\n\t\t<span class=\"qodef-icon--arrow-up\"><span class=\"qodef-icon-linea-icons icon-arrows-up\" ><\/span><\/span>\n\t<\/span>\n<\/h4>\n<div class=\"qodef-accordion-content\">\n\t<div class=\"qodef-accordion-content-inner\">\n\t\t<p>Apartamenty znajduj\u0105 si\u0119 zaledwie oko\u0142o 700 metr\u00f3w od pla\u017cy. Doj\u015bcie do pla\u017cy mo\u017cliwe jest przez promenad\u0119 oraz w wybranych godzinach przez Centralny O\u015brodek Sportu. <\/p>\t<\/div>\n<\/div><h4 class=\"qodef-accordion-title\">\n\t<span class=\"qodef-tab-title\">\n\t\tCzy oferowny jest dost\u0119p do kuchni?\t<\/span>\n\t<span class=\"qodef-accordion-mark\">\n\t\t<span class=\"qodef-icon--arrow-down\"><span class=\"qodef-icon-linea-icons icon-arrows-down\" ><\/span><\/span>\n\t\t<span class=\"qodef-icon--arrow-up\"><span class=\"qodef-icon-linea-icons icon-arrows-up\" ><\/span><\/span>\n\t<\/span>\n<\/h4>\n<div class=\"qodef-accordion-content\">\n\t<div class=\"qodef-accordion-content-inner\">\n\t\t<p>W obiekcie jest og\u00f3lnodost\u0119pna kuchnia. <span class=\"qodef-ei-content\">Mo\u017cliwo\u015b\u0107 podgrzewania, zakaz sma\u017cenia i gotowania. Oferujemy r\u00f3wnie\u017c dost\u0119p do wsp\u00f3lnej jadalni. <\/span><\/p>\t<\/div>\n<\/div><h4 class=\"qodef-accordion-title\">\n\t<span class=\"qodef-tab-title\">\n\t\tCzy mo\u017cna pali\u0107?\t<\/span>\n\t<span class=\"qodef-accordion-mark\">\n\t\t<span class=\"qodef-icon--arrow-down\"><span class=\"qodef-icon-linea-icons icon-arrows-down\" ><\/span><\/span>\n\t\t<span class=\"qodef-icon--arrow-up\"><span class=\"qodef-icon-linea-icons icon-arrows-up\" ><\/span><\/span>\n\t<\/span>\n<\/h4>\n<div class=\"qodef-accordion-content\">\n\t<div class=\"qodef-accordion-content-inner\">\n\t\t<p>W obiekcie obowi\u0105zuje ca\u0142kowity zakaz palenia poza miejscem do tego wyznaczonym, znajduj\u0105cym si\u0119 na ogrodzie. <\/p>\t<\/div>\n<\/div><h4 class=\"qodef-accordion-title\">\n\t<span class=\"qodef-tab-title\">\n\t\tJak daleko jest do centrum miasta?\t<\/span>\n\t<span class=\"qodef-accordion-mark\">\n\t\t<span class=\"qodef-icon--arrow-down\"><span class=\"qodef-icon-linea-icons icon-arrows-down\" ><\/span><\/span>\n\t\t<span class=\"qodef-icon--arrow-up\"><span class=\"qodef-icon-linea-icons icon-arrows-up\" ><\/span><\/span>\n\t<\/span>\n<\/h4>\n<div class=\"qodef-accordion-content\">\n\t<div class=\"qodef-accordion-content-inner\">\n\t\t<p>Apartamenty znajduj\u0105 si\u0119 oko\u0142o 700 metr\u00f3w od t\u0119tni\u0105cego \u017cyciem centrum W\u0142adys\u0142awowa, w kt\u00f3rym znajduj\u0105 si\u0119 liczne atrakcje, sklepy i punkty gastronomiczne.<\/p>\t<\/div>\n<\/div><\/div>\t\t\t\t<\/div>\n\t\t\t\t<\/div>\n\t\t\t\t\t<\/div>\n\t\t<\/div>\n\t\t\t\t\t<\/div>\n\t\t<\/section>\n\t\t\t\t<\/div>\n\t\t","protected":false},"excerpt":{"rendered":"<p>Jakie s\u0105 godziny zameldowania i wymeldowania? Zameldowanie w godz. 16:00 &#8211; 22:00 | Wymeldowanie 7:00 &#8211; 10:00 Czy dost\u0119pny jest internet? Do obiektu jest doprowadzony \u015bwiat\u0142ow\u00f3d wysokiej jako\u015bci. Po\u0142\u0105czenia z internetem w pokojach nast\u0119puje przez Wi-Fi i jest bezp\u0142atne. Czy akceptowane s\u0105 zwierz\u0119ta? Niestety, nie akceptujemy \u017cadnych zwierz\u0105t w naszym obiekcie. Czy mo\u017cliwe jest dostawienie [&hellip;]<\/p>\n","protected":false},"author":1,"featured_media":0,"parent":0,"menu_order":0,"comment_status":"closed","ping_status":"closed","template":"page-full-width.php","meta":{"_acf_changed":false,"footnotes":""},"class_list":["post-2694","page","type-page","status-publish","hentry"],"acf":[],"jetpack_sharing_enabled":true,"_links":{"self":[{"href":"https:\/\/apartamentycetniewo.pl\/index.php?rest_route=\/wp\/v2\/pages\/2694","targetHints":{"allow":["GET"]}}],"collection":[{"href":"https:\/\/apartamentycetniewo.pl\/index.php?rest_route=\/wp\/v2\/pages"}],"about":[{"href":"https:\/\/apartamentycetniewo.pl\/index.php?rest_route=\/wp\/v2\/types\/page"}],"author":[{"embeddable":true,"href":"https:\/\/apartamentycetniewo.pl\/index.php?rest_route=\/wp\/v2\/users\/1"}],"replies":[{"embeddable":true,"href":"https:\/\/apartamentycetniewo.pl\/index.php?rest_route=%2Fwp%2Fv2%2Fcomments&post=2694"}],"version-history":[{"count":64,"href":"https:\/\/apartamentycetniewo.pl\/index.php?rest_route=\/wp\/v2\/pages\/2694\/revisions"}],"predecessor-version":[{"id":5986,"href":"https:\/\/apartamentycetniewo.pl\/index.php?rest_route=\/wp\/v2\/pages\/2694\/revisions\/5986"}],"wp:attachment":[{"href":"https:\/\/apartamentycetniewo.pl\/index.php?rest_route=%2Fwp%2Fv2%2Fmedia&parent=2694"}],"curies":[{"name":"wp","href":"https:\/\/api.w.org\/{rel}","templated":true}]}}