{"id":2347,"date":"2020-03-31T07:41:11","date_gmt":"2020-03-31T07:41:11","guid":{"rendered":"https:\/\/alloggio.qodeinteractive.com\/?page_id=2347"},"modified":"2024-06-10T18:09:28","modified_gmt":"2024-06-10T16:09:28","slug":"o-nas","status":"publish","type":"page","link":"https:\/\/apartamentycetniewo.pl\/?page_id=2347","title":{"rendered":"O nas"},"content":{"rendered":"\t\t<div data-elementor-type=\"wp-page\" data-elementor-id=\"2347\" class=\"elementor elementor-2347\">\n\t\t\t\t\t\t<section class=\"elementor-section elementor-top-section elementor-element elementor-element-55bc024 elementor-section-full_width qodef-elementor-content-grid elementor-section-height-default elementor-section-height-default\" data-id=\"55bc024\" data-element_type=\"section\" data-e-type=\"section\">\n\t\t\t\t\t\t<div class=\"elementor-container elementor-column-gap-no\">\n\t\t\t\t\t<div class=\"elementor-column elementor-col-100 elementor-top-column elementor-element elementor-element-5abf0b6\" data-id=\"5abf0b6\" data-element_type=\"column\" data-e-type=\"column\">\n\t\t\t<div class=\"elementor-widget-wrap elementor-element-populated\">\n\t\t\t\t\t\t<div class=\"elementor-element elementor-element-1522463 elementor-widget elementor-widget-alloggio_core_section_title\" data-id=\"1522463\" data-element_type=\"widget\" data-e-type=\"widget\" data-widget_type=\"alloggio_core_section_title.default\">\n\t\t\t\t<div class=\"elementor-widget-container\">\n\t\t\t\t\t<div class=\"qodef-shortcode qodef-m qodef-section-title qodef-alignment--center\">\n\t\t<h2 class=\"qodef-m-title\" >\n\t\t\t\t\tApartamenty we W\u0142adys\u0142awowie\t\t\t<\/h2>\n\t<\/div>\t\t\t\t<\/div>\n\t\t\t\t<\/div>\n\t\t\t\t<div class=\"elementor-element elementor-element-2a02f58 elementor-widget elementor-widget-text-editor\" data-id=\"2a02f58\" data-element_type=\"widget\" data-e-type=\"widget\" data-widget_type=\"text-editor.default\">\n\t\t\t\t<div class=\"elementor-widget-container\">\n\t\t\t\t\t\t\t\t\t<p>Apartamenty Cetniewo (ex. Dom Karo) to kameralny obiekt znajduj\u0105cy si\u0119 w samym sercu Cetniewa \u2013 turystycznej pere\u0142ki W\u0142adys\u0142awowa. Sk\u0142ada si\u0119 z 12 przytulnych pokoi, kt\u00f3rych okna maj\u0105 r\u00f3\u017cne ekspozycje. G\u00f3rne pokoje posiadaj\u0105 widok na mo\u017ce.\u00a0 Nasz obiekt po\u0142o\u017cony w spokojnej i cichej okolicy, w\u015br\u00f3d dom\u00f3w jednorodzinnych oraz pensjonat\u00f3w.\u00a0 Oferuje doskona\u0142\u0105 lokalizacj\u0119 \u0142\u0105cz\u0105c\u0105 w sobie blisko\u015b\u0107 natury i zalety miasta. Tylko 700 m do wspania\u0142ej pla\u017cy a jednocze\u015bnie oko\u0142o 700 m do centrum miasta. Ogromn\u0105 zalet\u0105 jest r\u00f3wnie\u017c doskona\u0142y dojazd transportem publicznym \u2013 kilka minut spacerem do stacji PKP oraz przystanku autobusowego. <br \/><br \/><\/p>\t\t\t\t\t\t\t\t<\/div>\n\t\t\t\t<\/div>\n\t\t\t\t\t<\/div>\n\t\t<\/div>\n\t\t\t\t\t<\/div>\n\t\t<\/section>\n\t\t\t\t<section class=\"elementor-section elementor-top-section elementor-element elementor-element-e59721f elementor-section-full_width qodef-elementor-content-grid elementor-section-height-default elementor-section-height-default\" data-id=\"e59721f\" data-element_type=\"section\" data-e-type=\"section\" data-settings=\"{&quot;background_background&quot;:&quot;classic&quot;}\">\n\t\t\t\t\t\t\t<div class=\"elementor-background-overlay\"><\/div>\n\t\t\t\t\t\t\t<div class=\"elementor-container elementor-column-gap-no\">\n\t\t\t\t\t<div class=\"elementor-column elementor-col-33 elementor-top-column elementor-element elementor-element-bf8a62a\" data-id=\"bf8a62a\" data-element_type=\"column\" data-e-type=\"column\">\n\t\t\t<div class=\"elementor-widget-wrap elementor-element-populated\">\n\t\t\t\t\t\t<div class=\"elementor-element elementor-element-0b5c94c elementor-widget elementor-widget-alloggio_core_image_with_text\" data-id=\"0b5c94c\" data-element_type=\"widget\" data-e-type=\"widget\" data-widget_type=\"alloggio_core_image_with_text.default\">\n\t\t\t\t<div class=\"elementor-widget-container\">\n\t\t\t\t\t<div class=\"qodef-shortcode qodef-m qodef-image-with-text qodef-layout--text-below\">\n\t<div class=\"qodef-m-image\">\n\t\t\t\t\t\t\t\t\t<img decoding=\"async\" width=\"35\" height=\"35\" src=\"https:\/\/apartamentycetniewo.pl\/wp-content\/uploads\/2020\/03\/h5-img-02.png\" class=\"qodef-e-main-image\" alt=\"a\" \/>\t\t\t\t\t\t\t\t\t<\/div>\t<div class=\"qodef-m-content\">\n\t\t\t<h4 class=\"qodef-m-title\" style=\"margin-top: 12px\">\n\t\t\t\t\tWysoka Ocena\t\t\t<\/h4>\n\t\t\t<p class=\"qodef-m-text\" style=\"margin-top: 19px\">Nasz obiekt cieszy si\u0119 wysokimi ocenami go\u015bci, kt\u00f3rzy doceniaj\u0105 komfort, czysto\u015b\u0107 oraz przyjazn\u0105 obs\u0142ug\u0119. Staramy si\u0119, aby ka\u017cdy pobyt by\u0142 wyj\u0105tkowy i spe\u0142nia\u0142 oczekiwania naszych go\u015bci.<\/p>\n\t<\/div>\n<\/div>\t\t\t\t<\/div>\n\t\t\t\t<\/div>\n\t\t\t\t<div class=\"elementor-element elementor-element-c72af58 elementor-widget elementor-widget-alloggio_core_image_with_text\" data-id=\"c72af58\" data-element_type=\"widget\" data-e-type=\"widget\" data-widget_type=\"alloggio_core_image_with_text.default\">\n\t\t\t\t<div class=\"elementor-widget-container\">\n\t\t\t\t\t<div class=\"qodef-shortcode qodef-m qodef-image-with-text qodef-layout--text-below\">\n\t<div class=\"qodef-m-image\">\n\t\t\t\t\t\t\t\t\t<img decoding=\"async\" width=\"35\" height=\"35\" src=\"https:\/\/apartamentycetniewo.pl\/wp-content\/uploads\/2020\/03\/h5-img-05.png\" class=\"qodef-e-main-image\" alt=\"a\" \/>\t\t\t\t\t\t\t\t\t<\/div>\t<div class=\"qodef-m-content\">\n\t\t\t<h4 class=\"qodef-m-title\" style=\"margin-top: 12px\">\n\t\t\t\t\tBezp\u0142atne anulowanie\t\t\t<\/h4>\n\t\t\t<p class=\"qodef-m-text\" style=\"margin-top: 19px\">Oferujemy dogodne warunki rezerwacji z mo\u017cliwo\u015bci\u0105 bezp\u0142atnego anulowania. Ch\u0119\u0107 rezygnacji nale\u017cy zg\u0142osi\u0107 najp\u00f3\u017aniej na 14 dni przez rozpocz\u0119ciem pobytu. To daje naszym go\u015bciom wi\u0119ksz\u0105 swobod\u0119 i bezpiecze\u0144stwo planowania podr\u00f3\u017cy.<\/p>\n\t<\/div>\n<\/div>\t\t\t\t<\/div>\n\t\t\t\t<\/div>\n\t\t\t\t\t<\/div>\n\t\t<\/div>\n\t\t\t\t<div class=\"elementor-column elementor-col-33 elementor-top-column elementor-element elementor-element-4a15b42\" data-id=\"4a15b42\" data-element_type=\"column\" data-e-type=\"column\">\n\t\t\t<div class=\"elementor-widget-wrap elementor-element-populated\">\n\t\t\t\t\t\t<div class=\"elementor-element elementor-element-5fabb59 elementor-widget elementor-widget-alloggio_core_image_with_text\" data-id=\"5fabb59\" data-element_type=\"widget\" data-e-type=\"widget\" data-widget_type=\"alloggio_core_image_with_text.default\">\n\t\t\t\t<div class=\"elementor-widget-container\">\n\t\t\t\t\t<div class=\"qodef-shortcode qodef-m qodef-image-with-text qodef-layout--text-below\">\n\t<div class=\"qodef-m-image\">\n\t\t\t\t\t\t\t\t\t<img decoding=\"async\" width=\"35\" height=\"35\" src=\"https:\/\/apartamentycetniewo.pl\/wp-content\/uploads\/2020\/03\/h5-img-03.png\" class=\"qodef-e-main-image\" alt=\"\" \/>\t\t\t\t\t\t\t\t\t<\/div>\t<div class=\"qodef-m-content\">\n\t\t\t<h4 class=\"qodef-m-title\" style=\"margin-top: 12px\">\n\t\t\t\t\tCiche Godziny\t\t\t<\/h4>\n\t\t\t<p class=\"qodef-m-text\" style=\"margin-top: 19px\">Zapewniamy spokojne godziny wieczorne i nocne, aby ka\u017cdy go\u015b\u0107 m\u00f3g\u0142 w pe\u0142ni zrelaksowa\u0107 si\u0119 po aktywnym dniu. Dbamy o cisz\u0119 i komfort naszych go\u015bci.<\/p>\n\t<\/div>\n<\/div>\t\t\t\t<\/div>\n\t\t\t\t<\/div>\n\t\t\t\t<div class=\"elementor-element elementor-element-fc10ac0 elementor-widget elementor-widget-alloggio_core_image_with_text\" data-id=\"fc10ac0\" data-element_type=\"widget\" data-e-type=\"widget\" data-widget_type=\"alloggio_core_image_with_text.default\">\n\t\t\t\t<div class=\"elementor-widget-container\">\n\t\t\t\t\t<div class=\"qodef-shortcode qodef-m qodef-image-with-text qodef-layout--text-below\">\n\t<div class=\"qodef-m-image\">\n\t\t\t\t\t\t\t\t\t<img loading=\"lazy\" decoding=\"async\" width=\"35\" height=\"35\" src=\"https:\/\/apartamentycetniewo.pl\/wp-content\/uploads\/2020\/03\/h5-img-06.png\" class=\"qodef-e-main-image\" alt=\"a\" \/>\t\t\t\t\t\t\t\t\t<\/div>\t<div class=\"qodef-m-content\">\n\t\t\t<h4 class=\"qodef-m-title\" style=\"margin-top: 12px\">\n\t\t\t\t\tOpcje P\u0142atno\u015bci\t\t\t<\/h4>\n\t\t\t<p class=\"qodef-m-text\" style=\"margin-top: 19px\">Akceptujemy r\u00f3\u017cne metody p\u0142atno\u015bci, w tym karty kredytowe, p\u0142atno\u015bci elektroniczne i got\u00f3wk\u0119, aby zapewni\u0107 wygod\u0119 i komfort naszym go\u015bciom.<\/p>\n\t<\/div>\n<\/div>\t\t\t\t<\/div>\n\t\t\t\t<\/div>\n\t\t\t\t\t<\/div>\n\t\t<\/div>\n\t\t\t\t<div class=\"elementor-column elementor-col-33 elementor-top-column elementor-element elementor-element-87c810e\" data-id=\"87c810e\" data-element_type=\"column\" data-e-type=\"column\">\n\t\t\t<div class=\"elementor-widget-wrap elementor-element-populated\">\n\t\t\t\t\t\t<div class=\"elementor-element elementor-element-68616a9 elementor-widget elementor-widget-alloggio_core_image_with_text\" data-id=\"68616a9\" data-element_type=\"widget\" data-e-type=\"widget\" data-widget_type=\"alloggio_core_image_with_text.default\">\n\t\t\t\t<div class=\"elementor-widget-container\">\n\t\t\t\t\t<div class=\"qodef-shortcode qodef-m qodef-image-with-text qodef-layout--text-below\">\n\t<div class=\"qodef-m-image\">\n\t\t\t\t\t\t\t\t\t<img loading=\"lazy\" decoding=\"async\" width=\"35\" height=\"35\" src=\"https:\/\/apartamentycetniewo.pl\/wp-content\/uploads\/2020\/03\/h5-img-04.png\" class=\"qodef-e-main-image\" alt=\"\" \/>\t\t\t\t\t\t\t\t\t<\/div>\t<div class=\"qodef-m-content\">\n\t\t\t<h4 class=\"qodef-m-title\" style=\"margin-top: 12px\">\n\t\t\t\t\tNajlepsza Lokalizacja\t\t\t<\/h4>\n\t\t\t<p class=\"qodef-m-text\" style=\"margin-top: 19px\">Apartamenty Cetniewo znajduj\u0105 si\u0119 w doskona\u0142ej lokalizacji, zaledwie 700 metr\u00f3w od pla\u017cy i 500 metr\u00f3w od centrum W\u0142adys\u0142awowa. Blisko\u015b\u0107 atrakcji turystycznych sprawia, \u017ce jest to idealne miejsce na wakacje.<\/p>\n\t<\/div>\n<\/div>\t\t\t\t<\/div>\n\t\t\t\t<\/div>\n\t\t\t\t<div class=\"elementor-element elementor-element-2ba2895 elementor-widget elementor-widget-alloggio_core_image_with_text\" data-id=\"2ba2895\" data-element_type=\"widget\" data-e-type=\"widget\" data-widget_type=\"alloggio_core_image_with_text.default\">\n\t\t\t\t<div class=\"elementor-widget-container\">\n\t\t\t\t\t<div class=\"qodef-shortcode qodef-m qodef-image-with-text qodef-layout--text-below\">\n\t<div class=\"qodef-m-image\">\n\t\t\t\t\t\t\t\t\t<img loading=\"lazy\" decoding=\"async\" width=\"35\" height=\"35\" src=\"https:\/\/apartamentycetniewo.pl\/wp-content\/uploads\/2020\/03\/h5-img-07.png\" class=\"qodef-e-main-image\" alt=\"a\" \/>\t\t\t\t\t\t\t\t\t<\/div>\t<div class=\"qodef-m-content\">\n\t\t\t<h4 class=\"qodef-m-title\" style=\"margin-top: 12px\">\n\t\t\t\t\tSpecjalne Oferty\t\t\t<\/h4>\n\t\t\t<p class=\"qodef-m-text\" style=\"margin-top: 19px\">Regularnie przygotowujemy specjalne oferty i promocje dla naszych go\u015bci, dzi\u0119ki czemu pobyt w Apartamentach Cetniewo staje si\u0119 jeszcze bardziej atrakcyjny. Sprawd\u017a nasze aktualne oferty na stronie internetowej.<\/p>\n\t<\/div>\n<\/div>\t\t\t\t<\/div>\n\t\t\t\t<\/div>\n\t\t\t\t\t<\/div>\n\t\t<\/div>\n\t\t\t\t\t<\/div>\n\t\t<\/section>\n\t\t\t\t<section class=\"elementor-section elementor-top-section elementor-element elementor-element-c0222fc elementor-section-full_width qodef-elementor-content-grid elementor-section-height-default elementor-section-height-default\" data-id=\"c0222fc\" data-element_type=\"section\" data-e-type=\"section\" data-settings=\"{&quot;background_background&quot;:&quot;classic&quot;}\">\n\t\t\t\t\t\t\t<div class=\"elementor-background-overlay\"><\/div>\n\t\t\t\t\t\t\t<div class=\"elementor-container elementor-column-gap-no\">\n\t\t\t\t\t<div class=\"elementor-column elementor-col-100 elementor-top-column elementor-element elementor-element-5e4bf1c\" data-id=\"5e4bf1c\" data-element_type=\"column\" data-e-type=\"column\">\n\t\t\t<div class=\"elementor-widget-wrap elementor-element-populated\">\n\t\t\t\t\t\t<div class=\"elementor-element elementor-element-6299265 elementor-widget elementor-widget-alloggio_core_testimonials_list\" data-id=\"6299265\" data-element_type=\"widget\" data-e-type=\"widget\" data-widget_type=\"alloggio_core_testimonials_list.default\">\n\t\t\t\t<div class=\"elementor-widget-container\">\n\t\t\t\t\t<div class=\"qodef-testimonials-list-wrapper\">\n\t<div class=\"qodef-shortcode qodef-m qodef-testimonials-list qodef-icon-behind--text qodef-content-position--center qodef-grid qodef-swiper-container qodef-gutter--normal qodef-col-num--1 qodef-item-layout--info-below qodef-responsive--predefined\" data-options=\"{&quot;slidesPerView&quot;:&quot;1&quot;,&quot;spaceBetween&quot;:15,&quot;loop&quot;:true,&quot;autoplay&quot;:true,&quot;speed&quot;:&quot;&quot;,&quot;speedAnimation&quot;:&quot;&quot;,&quot;slideAnimation&quot;:&quot;&quot;}\">\n\t\t<div class=\"swiper-wrapper\">\n\t\t\t<div class=\"qodef-e swiper-slide\">\n\t<div class=\"qodef-e-inner\">\n\t\t\t\t<div class=\"qodef-e-content\">\n\t\t\t\t\t\t\t<h2 itemprop=\"name\" class=\"qodef-e-title entry-title\" >\n\t\t&quot;\u015awietny wyb\u00f3r&quot;\t<\/h2>\n\t\t\t\t<p itemprop=\"description\" class=\"qodef-e-text\">\n\t\t<span class=\"qodef-e-mark\">\n\t<svg xmlns=\"http:\/\/www.w3.org\/2000\/svg\" xmlns:xlink=\"http:\/\/www.w3.org\/1999\/xlink\" x=\"0px\" y=\"0px\" viewBox=\"0 0 75.3 63.9\" xml:space=\"preserve\"><g><path d=\"M34.8,40.5c0,12.6-10.3,22.9-22.9,22.9H9.1c-1.6,0-2.9-1.3-2.9-2.9v-5.7c0-1.6,1.3-2.9,2.9-2.9h2.9c6.3,0,11.4-5.1,11.4-11.4v-1.4c0-2.4-1.9-4.3-4.3-4.3h-10c-4.7,0-8.6-3.8-8.6-8.6V9.1c0-4.7,3.8-8.6,8.6-8.6h17.1c4.7,0,8.6,3.8,8.6,8.6V40.5z M74.8,40.5c0,12.6-10.3,22.9-22.9,22.9h-2.9c-1.6,0-2.9-1.3-2.9-2.9v-5.7c0-1.6,1.3-2.9,2.9-2.9h2.9c6.3,0,11.4-5.1,11.4-11.4v-1.4c0-2.4-1.9-4.3-4.3-4.3h-10c-4.7,0-8.6-3.8-8.6-8.6V9.1c0-4.7,3.8-8.6,8.6-8.6h17.1c4.7,0,8.6,3.8,8.6,8.6V40.5z\"\/><\/g><\/svg>\n<\/span>\t\tDoskona\u0142e miejsce na wypoczynek, blisko\u015b\u0107 pla\u017cy i centrum to ogromny atut. Czyste i wygodne pokoje.\t<\/p>\n\t\t\t<p class=\"qodef-e-author\">\n\t<span class=\"qodef-e-author-name\">\n\t\tKamil\t<\/span>\n\t<span class=\"qodef-e-author-job\">\n\t\t\t<\/span>\n<\/p>\n\t\t<\/div>\n\t<\/div>\n<\/div><div class=\"qodef-e swiper-slide\">\n\t<div class=\"qodef-e-inner\">\n\t\t\t\t<div class=\"qodef-e-content\">\n\t\t\t\t\t\t\t<h2 itemprop=\"name\" class=\"qodef-e-title entry-title\" >\n\t\t&quot;Blisko morza!&quot;\t<\/h2>\n\t\t\t\t<p itemprop=\"description\" class=\"qodef-e-text\">\n\t\t<span class=\"qodef-e-mark\">\n\t<svg xmlns=\"http:\/\/www.w3.org\/2000\/svg\" xmlns:xlink=\"http:\/\/www.w3.org\/1999\/xlink\" x=\"0px\" y=\"0px\" viewBox=\"0 0 75.3 63.9\" xml:space=\"preserve\"><g><path d=\"M34.8,40.5c0,12.6-10.3,22.9-22.9,22.9H9.1c-1.6,0-2.9-1.3-2.9-2.9v-5.7c0-1.6,1.3-2.9,2.9-2.9h2.9c6.3,0,11.4-5.1,11.4-11.4v-1.4c0-2.4-1.9-4.3-4.3-4.3h-10c-4.7,0-8.6-3.8-8.6-8.6V9.1c0-4.7,3.8-8.6,8.6-8.6h17.1c4.7,0,8.6,3.8,8.6,8.6V40.5z M74.8,40.5c0,12.6-10.3,22.9-22.9,22.9h-2.9c-1.6,0-2.9-1.3-2.9-2.9v-5.7c0-1.6,1.3-2.9,2.9-2.9h2.9c6.3,0,11.4-5.1,11.4-11.4v-1.4c0-2.4-1.9-4.3-4.3-4.3h-10c-4.7,0-8.6-3.8-8.6-8.6V9.1c0-4.7,3.8-8.6,8.6-8.6h17.1c4.7,0,8.6,3.8,8.6,8.6V40.5z\"\/><\/g><\/svg>\n<\/span>\t\tIdealne dla rodzin, kilka minut do pi\u0119knej pla\u017cy. Apartamenty Cetniewo to \u015bwietne miejsce na relaks.\t<\/p>\n\t\t\t<p class=\"qodef-e-author\">\n\t<span class=\"qodef-e-author-name\">\n\t\tStanis\u0142aw\t<\/span>\n\t<span class=\"qodef-e-author-job\">\n\t\t\t<\/span>\n<\/p>\n\t\t<\/div>\n\t<\/div>\n<\/div><div class=\"qodef-e swiper-slide\">\n\t<div class=\"qodef-e-inner\">\n\t\t\t\t<div class=\"qodef-e-content\">\n\t\t\t\t\t\t\t<h2 itemprop=\"name\" class=\"qodef-e-title entry-title\" >\n\t\t&quot;Idealne miejsce!&quot;\t<\/h2>\n\t\t\t\t<p itemprop=\"description\" class=\"qodef-e-text\">\n\t\t<span class=\"qodef-e-mark\">\n\t<svg xmlns=\"http:\/\/www.w3.org\/2000\/svg\" xmlns:xlink=\"http:\/\/www.w3.org\/1999\/xlink\" x=\"0px\" y=\"0px\" viewBox=\"0 0 75.3 63.9\" xml:space=\"preserve\"><g><path d=\"M34.8,40.5c0,12.6-10.3,22.9-22.9,22.9H9.1c-1.6,0-2.9-1.3-2.9-2.9v-5.7c0-1.6,1.3-2.9,2.9-2.9h2.9c6.3,0,11.4-5.1,11.4-11.4v-1.4c0-2.4-1.9-4.3-4.3-4.3h-10c-4.7,0-8.6-3.8-8.6-8.6V9.1c0-4.7,3.8-8.6,8.6-8.6h17.1c4.7,0,8.6,3.8,8.6,8.6V40.5z M74.8,40.5c0,12.6-10.3,22.9-22.9,22.9h-2.9c-1.6,0-2.9-1.3-2.9-2.9v-5.7c0-1.6,1.3-2.9,2.9-2.9h2.9c6.3,0,11.4-5.1,11.4-11.4v-1.4c0-2.4-1.9-4.3-4.3-4.3h-10c-4.7,0-8.6-3.8-8.6-8.6V9.1c0-4.7,3.8-8.6,8.6-8.6h17.1c4.7,0,8.6,3.8,8.6,8.6V40.5z\"\/><\/g><\/svg>\n<\/span>\t\tApartamenty Cetniewo to wymarzone miejsce na wakacje. Blisko pla\u017cy, zaledwie 700 metr\u00f3w, i w \u015bwietnej lokalizacji. Gor\u0105co polecam!\t<\/p>\n\t\t\t<p class=\"qodef-e-author\">\n\t<span class=\"qodef-e-author-name\">\n\t\tAdam\t<\/span>\n\t<span class=\"qodef-e-author-job\">\n\t\t\t<\/span>\n<\/p>\n\t\t<\/div>\n\t<\/div>\n<\/div>\t\t<\/div>\n\t\t<div class=\"swiper-button-next \"><svg xmlns=\"http:\/\/www.w3.org\/2000\/svg\" xmlns:xlink=\"http:\/\/www.w3.org\/1999\/xlink\" x=\"0px\" y=\"0px\" viewBox=\"0 0 26 50.9\" xml:space=\"preserve\"><polyline points=\"0.4,50.6 25.3,25.5 0.4,0.4 \"\/><\/svg><\/div>\n<div class=\"swiper-button-prev \"><svg xmlns=\"http:\/\/www.w3.org\/2000\/svg\" xmlns:xlink=\"http:\/\/www.w3.org\/1999\/xlink\" x=\"0px\" y=\"0px\" viewBox=\"0 0 26 50.9\" xml:space=\"preserve\"><polyline points=\"25.6,0.4 0.7,25.5 25.6,50.6 \"\/><\/svg><\/div>\t\t\t<\/div>\n\t<\/div>\t\t\t\t<\/div>\n\t\t\t\t<\/div>\n\t\t\t\t\t<\/div>\n\t\t<\/div>\n\t\t\t\t\t<\/div>\n\t\t<\/section>\n\t\t\t\t<\/div>\n\t\t","protected":false},"excerpt":{"rendered":"<p>Apartamenty we W\u0142adys\u0142awowie Apartamenty Cetniewo (ex. Dom Karo) to kameralny obiekt znajduj\u0105cy si\u0119 w samym sercu Cetniewa \u2013 turystycznej pere\u0142ki W\u0142adys\u0142awowa. Sk\u0142ada si\u0119 z 12 przytulnych pokoi, kt\u00f3rych okna maj\u0105 r\u00f3\u017cne ekspozycje. G\u00f3rne pokoje posiadaj\u0105 widok na mo\u017ce.\u00a0 Nasz obiekt po\u0142o\u017cony w spokojnej i cichej okolicy, w\u015br\u00f3d dom\u00f3w jednorodzinnych oraz pensjonat\u00f3w.\u00a0 Oferuje doskona\u0142\u0105 lokalizacj\u0119 \u0142\u0105cz\u0105c\u0105 [&hellip;]<\/p>\n","protected":false},"author":1,"featured_media":0,"parent":0,"menu_order":0,"comment_status":"closed","ping_status":"closed","template":"page-full-width.php","meta":{"_acf_changed":false,"footnotes":""},"class_list":["post-2347","page","type-page","status-publish","hentry"],"acf":[],"jetpack_sharing_enabled":true,"_links":{"self":[{"href":"https:\/\/apartamentycetniewo.pl\/index.php?rest_route=\/wp\/v2\/pages\/2347","targetHints":{"allow":["GET"]}}],"collection":[{"href":"https:\/\/apartamentycetniewo.pl\/index.php?rest_route=\/wp\/v2\/pages"}],"about":[{"href":"https:\/\/apartamentycetniewo.pl\/index.php?rest_route=\/wp\/v2\/types\/page"}],"author":[{"embeddable":true,"href":"https:\/\/apartamentycetniewo.pl\/index.php?rest_route=\/wp\/v2\/users\/1"}],"replies":[{"embeddable":true,"href":"https:\/\/apartamentycetniewo.pl\/index.php?rest_route=%2Fwp%2Fv2%2Fcomments&post=2347"}],"version-history":[{"count":25,"href":"https:\/\/apartamentycetniewo.pl\/index.php?rest_route=\/wp\/v2\/pages\/2347\/revisions"}],"predecessor-version":[{"id":5992,"href":"https:\/\/apartamentycetniewo.pl\/index.php?rest_route=\/wp\/v2\/pages\/2347\/revisions\/5992"}],"wp:attachment":[{"href":"https:\/\/apartamentycetniewo.pl\/index.php?rest_route=%2Fwp%2Fv2%2Fmedia&parent=2347"}],"curies":[{"name":"wp","href":"https:\/\/api.w.org\/{rel}","templated":true}]}}